{"id":1242,"date":"2025-05-21T11:06:04","date_gmt":"2025-05-21T11:06:04","guid":{"rendered":"https:\/\/www.domax.pt\/web\/?page_id=1242"},"modified":"2025-05-26T13:25:08","modified_gmt":"2025-05-26T13:25:08","slug":"supercola-cianoacrilato-dc20","status":"publish","type":"page","link":"http:\/\/www.domax.pt\/web\/produtos-3\/supercola-cianoacrilato-dc20\/","title":{"rendered":"Supercola Cianoacrilato DC 20"},"content":{"rendered":"\n<div class=\"wp-block-group alignfull has-ast-global-color-8-background-color has-background is-vertical is-content-justification-left is-nowrap is-layout-flex wp-container-core-group-is-layout-970da055 wp-block-group-is-layout-flex\">\n<div class=\"wp-block-media-text is-stacked-on-mobile header, footer, .wp-block-group, .wp-block-container { background-color: #000000 !important; } has-ast-global-color-8-background-color has-background\" style=\"grid-template-columns:28% auto\"><figure class=\"wp-block-media-text__media\"><img loading=\"lazy\" decoding=\"async\" width=\"768\" height=\"1024\" src=\"http:\/\/www.domax.pt\/web\/wp-content\/uploads\/2025\/04\/SUPERCOLA-CIANOACRILATO-DC20-768x1024.png\" alt=\"supercola-cianoacrilato-dc20.alt\" class=\"wp-image-806 size-full\" srcset=\"http:\/\/www.domax.pt\/web\/wp-content\/uploads\/2025\/04\/SUPERCOLA-CIANOACRILATO-DC20-768x1024.png 768w, http:\/\/www.domax.pt\/web\/wp-content\/uploads\/2025\/04\/SUPERCOLA-CIANOACRILATO-DC20-225x300.png 225w, http:\/\/www.domax.pt\/web\/wp-content\/uploads\/2025\/04\/SUPERCOLA-CIANOACRILATO-DC20.png 900w\" sizes=\"auto, (max-width: 768px) 100vw, 768px\" \/><\/figure><div class=\"wp-block-media-text__content\">\n<h2 class=\"wp-block-heading has-ast-global-color-2-color has-text-color has-link-color wp-elements-7f8956eb52902ee7f273cd7d521063b6\" style=\"padding-top:0;padding-bottom:0\">Supercola Cianoacrilato dc 20<\/h2>\n\n\n\n<p class=\"has-text-align-left has-ast-global-color-2-color has-text-color has-link-color wp-elements-93d1148d5457ea9e161f8d0c58e4da71\" style=\"padding-top:0;padding-bottom:0\"><strong>REF: 140220 \u2022 Embalagem 20g \u2022 Caixa de 20 unidades <\/strong><br><br>Cola de um s\u00f3 componente, baseada em cianoacrilato, reagindo em alguns segundos \u00e0 press\u00e3o e humidade ambiente. Produto livre de solventes, incolor e de extrema ader\u00eancia.<br>Econ\u00f3mico, de f\u00e1cil aplica\u00e7\u00e3o pelo frasco, permitindo colar materiais diferentes em segundos, apenas com uma ligeira press\u00e3o.<br><br><strong>COLAGENS R\u00c1PIDAS E PERMANENTES DE:<br><\/strong>\u2022 Pl\u00e1stico\/pl\u00e1stico;<br>\u2022 Borracha\/pl\u00e1stico;<br>\u2022 Borracha\/borracha;<br>\u2022 Borracha\/metal;<br>\u2022 Metal\/metal.<\/p>\n\n\n\n<div class=\"wp-block-buttons alignfull is-layout-flex wp-block-buttons-is-layout-flex\">\n<div class=\"wp-block-button is-style-outline is-style-outline--1\"><a class=\"wp-block-button__link wp-element-button\" href=\"http:\/\/www.domax.pt\/web\/wp-content\/uploads\/2025\/05\/MSDS_140220_PT_PT_Domax-DC20.pdf\" target=\"_blank\" rel=\"noreferrer noopener\">ficha de seguran\u00e7a<\/a><\/div>\n<\/div>\n<\/div><\/div>\n\n\n\n<div class=\"wp-block-stackable-divider stk-block-divider stk-block stk-8acad53\" data-block-id=\"8acad53\"><style>.stk-8acad53 hr.stk-block-divider__hr{background:var(--ast-global-color-0) !important;height:1px !important;width:46% !important;}.stk-8acad53 {border-top-width:0px !important;border-right-width:0px !important;border-bottom-width:0px !important;border-left-width:0px !important;margin-top:39px !important;top:-5px !important;}<\/style><hr class=\"stk-block-divider__hr\"\/><\/div>\n<\/div>\n\n\n\n<p><\/p>\n","protected":false},"excerpt":{"rendered":"<p>Supercola Cianoacrilato dc 20 REF: 140220 \u2022 Embalagem 20g \u2022 Caixa de 20 unidades Cola de um s\u00f3 componente, baseada [&hellip;]<\/p>\n","protected":false},"author":2,"featured_media":0,"parent":1030,"menu_order":0,"comment_status":"closed","ping_status":"closed","template":"","meta":{"_acf_changed":false,"_uag_custom_page_level_css":"","site-sidebar-layout":"default","site-content-layout":"","ast-site-content-layout":"","site-content-style":"default","site-sidebar-style":"default","ast-global-header-display":"","ast-banner-title-visibility":"","ast-main-header-display":"","ast-hfb-above-header-display":"","ast-hfb-below-header-display":"","ast-hfb-mobile-header-display":"","site-post-title":"disabled","ast-breadcrumbs-content":"","ast-featured-img":"","footer-sml-layout":"","theme-transparent-header-meta":"","adv-header-id-meta":"","stick-header-meta":"","header-above-stick-meta":"","header-main-stick-meta":"","header-below-stick-meta":"","astra-migrate-meta-layouts":"default","ast-page-background-enabled":"default","ast-page-background-meta":{"desktop":{"background-color":"var(--ast-global-color-4)","background-image":"","background-repeat":"repeat","background-position":"center center","background-size":"auto","background-attachment":"scroll","background-type":"","background-media":"","overlay-type":"","overlay-color":"","overlay-opacity":"","overlay-gradient":""},"tablet":{"background-color":"","background-image":"","background-repeat":"repeat","background-position":"center center","background-size":"auto","background-attachment":"scroll","background-type":"","background-media":"","overlay-type":"","overlay-color":"","overlay-opacity":"","overlay-gradient":""},"mobile":{"background-color":"","background-image":"","background-repeat":"repeat","background-position":"center center","background-size":"auto","background-attachment":"scroll","background-type":"","background-media":"","overlay-type":"","overlay-color":"","overlay-opacity":"","overlay-gradient":""}},"ast-content-background-meta":{"desktop":{"background-color":"var(--ast-global-color-5)","background-image":"","background-repeat":"repeat","background-position":"center center","background-size":"auto","background-attachment":"scroll","background-type":"","background-media":"","overlay-type":"","overlay-color":"","overlay-opacity":"","overlay-gradient":""},"tablet":{"background-color":"var(--ast-global-color-5)","background-image":"","background-repeat":"repeat","background-position":"center center","background-size":"auto","background-attachment":"scroll","background-type":"","background-media":"","overlay-type":"","overlay-color":"","overlay-opacity":"","overlay-gradient":""},"mobile":{"background-color":"var(--ast-global-color-5)","background-image":"","background-repeat":"repeat","background-position":"center center","background-size":"auto","background-attachment":"scroll","background-type":"","background-media":"","overlay-type":"","overlay-color":"","overlay-opacity":"","overlay-gradient":""}},"footnotes":""},"class_list":["post-1242","page","type-page","status-publish","hentry"],"acf":[],"uagb_featured_image_src":{"full":false,"thumbnail":false,"medium":false,"medium_large":false,"large":false,"1536x1536":false,"2048x2048":false},"uagb_author_info":{"display_name":"Laura Louren\u00e7o","author_link":"http:\/\/www.domax.pt\/web\/author\/laura\/"},"uagb_comment_info":0,"uagb_excerpt":"Supercola Cianoacrilato dc 20 REF: 140220 \u2022 Embalagem 20g \u2022 Caixa de 20 unidades Cola de um s\u00f3 componente, baseada [&hellip;]","_links":{"self":[{"href":"http:\/\/www.domax.pt\/web\/wp-json\/wp\/v2\/pages\/1242","targetHints":{"allow":["GET"]}}],"collection":[{"href":"http:\/\/www.domax.pt\/web\/wp-json\/wp\/v2\/pages"}],"about":[{"href":"http:\/\/www.domax.pt\/web\/wp-json\/wp\/v2\/types\/page"}],"author":[{"embeddable":true,"href":"http:\/\/www.domax.pt\/web\/wp-json\/wp\/v2\/users\/2"}],"replies":[{"embeddable":true,"href":"http:\/\/www.domax.pt\/web\/wp-json\/wp\/v2\/comments?post=1242"}],"version-history":[{"count":2,"href":"http:\/\/www.domax.pt\/web\/wp-json\/wp\/v2\/pages\/1242\/revisions"}],"predecessor-version":[{"id":1321,"href":"http:\/\/www.domax.pt\/web\/wp-json\/wp\/v2\/pages\/1242\/revisions\/1321"}],"up":[{"embeddable":true,"href":"http:\/\/www.domax.pt\/web\/wp-json\/wp\/v2\/pages\/1030"}],"wp:attachment":[{"href":"http:\/\/www.domax.pt\/web\/wp-json\/wp\/v2\/media?parent=1242"}],"curies":[{"name":"wp","href":"https:\/\/api.w.org\/{rel}","templated":true}]}}