{"id":1144,"date":"2025-05-15T14:46:34","date_gmt":"2025-05-15T14:46:34","guid":{"rendered":"https:\/\/www.domax.pt\/web\/?page_id=1144"},"modified":"2025-05-22T08:37:47","modified_gmt":"2025-05-22T08:37:47","slug":"spray-zinco-claro-mate","status":"publish","type":"page","link":"https:\/\/www.domax.pt\/web\/produtos-1\/spray-zinco-claro-mate\/","title":{"rendered":"Spray Zinco Claro Mate"},"content":{"rendered":"\n<div class=\"wp-block-group alignfull has-ast-global-color-8-background-color has-background is-vertical is-content-justification-left is-nowrap is-layout-flex wp-container-core-group-is-layout-970da055 wp-block-group-is-layout-flex\">\n<div class=\"wp-block-media-text is-stacked-on-mobile header, footer, .wp-block-group, .wp-block-container { background-color: #000000 !important; } has-ast-global-color-8-background-color has-background\" style=\"grid-template-columns:28% auto\"><figure class=\"wp-block-media-text__media\"><img loading=\"lazy\" decoding=\"async\" width=\"768\" height=\"1024\" src=\"http:\/\/www.domax.pt\/web\/wp-content\/uploads\/2025\/04\/SPRAY-ZINCO-CLARO-MATE-400ml-768x1024.png\" alt=\"domax-spray-zinco-claro-mate.alt\" class=\"wp-image-808 size-full\" srcset=\"https:\/\/www.domax.pt\/web\/wp-content\/uploads\/2025\/04\/SPRAY-ZINCO-CLARO-MATE-400ml-768x1024.png 768w, https:\/\/www.domax.pt\/web\/wp-content\/uploads\/2025\/04\/SPRAY-ZINCO-CLARO-MATE-400ml-225x300.png 225w, https:\/\/www.domax.pt\/web\/wp-content\/uploads\/2025\/04\/SPRAY-ZINCO-CLARO-MATE-400ml.png 900w\" sizes=\"auto, (max-width: 768px) 100vw, 768px\" \/><\/figure><div class=\"wp-block-media-text__content\">\n<h2 class=\"wp-block-heading has-ast-global-color-2-color has-text-color has-link-color wp-elements-26ac0d7759e876d1cb5a5cc7696f8ee3\" style=\"padding-top:0;padding-bottom:0\">Spray Zinco CLaro Mate<\/h2>\n\n\n\n<p class=\"has-text-align-left has-ast-global-color-2-color has-text-color has-link-color wp-elements-6b0938058394b07414b4cdcd40c5412c\" style=\"padding-top:0;padding-bottom:0\"><strong>REF: 140011 \u2022 Aerossol 400ml \u2022 Caixa de 24 unidades <\/strong><br><strong><br><\/strong>Agente de galvaniza\u00e7\u00e3o a frio de componente \u00fanico, com zinco puro de alta qualidade, alum\u00ednio e pigmentos inorg\u00e2nicos. Protege contra a corros\u00e3o, \u00e9 repint\u00e1vel e tem acabamento mate.<\/p>\n\n\n\n<div class=\"wp-block-buttons alignfull is-layout-flex wp-block-buttons-is-layout-flex\">\n<div class=\"wp-block-button is-style-outline is-style-outline--1\"><a class=\"wp-block-button__link wp-element-button\" href=\"http:\/\/www.domax.pt\/web\/wp-content\/uploads\/2025\/05\/MSDS_140011_PT_PT_Domax-Zinco-Claro-Mate.pdf\" target=\"_blank\" rel=\"noreferrer noopener\">ficha de seguran\u00e7a<\/a><\/div>\n<\/div>\n<\/div><\/div>\n\n\n\n<div class=\"wp-block-stackable-divider stk-block-divider stk-block stk-8acad53\" data-block-id=\"8acad53\"><style>.stk-8acad53 hr.stk-block-divider__hr{background:var(--ast-global-color-0) !important;height:1px !important;width:46% !important;}.stk-8acad53 {border-top-width:0px !important;border-right-width:0px !important;border-bottom-width:0px !important;border-left-width:0px !important;margin-top:39px !important;top:-5px !important;}<\/style><hr class=\"stk-block-divider__hr\"\/><\/div>\n<\/div>\n\n\n\n<p><\/p>\n","protected":false},"excerpt":{"rendered":"<p>Spray Zinco CLaro Mate REF: 140011 \u2022 Aerossol 400ml \u2022 Caixa de 24 unidades Agente de galvaniza\u00e7\u00e3o a frio de [&hellip;]<\/p>\n","protected":false},"author":2,"featured_media":0,"parent":448,"menu_order":0,"comment_status":"closed","ping_status":"closed","template":"","meta":{"_acf_changed":false,"_uag_custom_page_level_css":"","site-sidebar-layout":"default","site-content-layout":"","ast-site-content-layout":"","site-content-style":"default","site-sidebar-style":"default","ast-global-header-display":"","ast-banner-title-visibility":"","ast-main-header-display":"","ast-hfb-above-header-display":"","ast-hfb-below-header-display":"","ast-hfb-mobile-header-display":"","site-post-title":"disabled","ast-breadcrumbs-content":"","ast-featured-img":"","footer-sml-layout":"","theme-transparent-header-meta":"","adv-header-id-meta":"","stick-header-meta":"","header-above-stick-meta":"","header-main-stick-meta":"","header-below-stick-meta":"","astra-migrate-meta-layouts":"default","ast-page-background-enabled":"default","ast-page-background-meta":{"desktop":{"background-color":"var(--ast-global-color-4)","background-image":"","background-repeat":"repeat","background-position":"center center","background-size":"auto","background-attachment":"scroll","background-type":"","background-media":"","overlay-type":"","overlay-color":"","overlay-opacity":"","overlay-gradient":""},"tablet":{"background-color":"","background-image":"","background-repeat":"repeat","background-position":"center center","background-size":"auto","background-attachment":"scroll","background-type":"","background-media":"","overlay-type":"","overlay-color":"","overlay-opacity":"","overlay-gradient":""},"mobile":{"background-color":"","background-image":"","background-repeat":"repeat","background-position":"center center","background-size":"auto","background-attachment":"scroll","background-type":"","background-media":"","overlay-type":"","overlay-color":"","overlay-opacity":"","overlay-gradient":""}},"ast-content-background-meta":{"desktop":{"background-color":"var(--ast-global-color-5)","background-image":"","background-repeat":"repeat","background-position":"center center","background-size":"auto","background-attachment":"scroll","background-type":"","background-media":"","overlay-type":"","overlay-color":"","overlay-opacity":"","overlay-gradient":""},"tablet":{"background-color":"var(--ast-global-color-5)","background-image":"","background-repeat":"repeat","background-position":"center center","background-size":"auto","background-attachment":"scroll","background-type":"","background-media":"","overlay-type":"","overlay-color":"","overlay-opacity":"","overlay-gradient":""},"mobile":{"background-color":"var(--ast-global-color-5)","background-image":"","background-repeat":"repeat","background-position":"center center","background-size":"auto","background-attachment":"scroll","background-type":"","background-media":"","overlay-type":"","overlay-color":"","overlay-opacity":"","overlay-gradient":""}},"footnotes":""},"class_list":["post-1144","page","type-page","status-publish","hentry"],"acf":[],"uagb_featured_image_src":{"full":false,"thumbnail":false,"medium":false,"medium_large":false,"large":false,"1536x1536":false,"2048x2048":false},"uagb_author_info":{"display_name":"Laura Louren\u00e7o","author_link":"https:\/\/www.domax.pt\/web\/author\/laura\/"},"uagb_comment_info":0,"uagb_excerpt":"Spray Zinco CLaro Mate REF: 140011 \u2022 Aerossol 400ml \u2022 Caixa de 24 unidades Agente de galvaniza\u00e7\u00e3o a frio de [&hellip;]","_links":{"self":[{"href":"https:\/\/www.domax.pt\/web\/wp-json\/wp\/v2\/pages\/1144","targetHints":{"allow":["GET"]}}],"collection":[{"href":"https:\/\/www.domax.pt\/web\/wp-json\/wp\/v2\/pages"}],"about":[{"href":"https:\/\/www.domax.pt\/web\/wp-json\/wp\/v2\/types\/page"}],"author":[{"embeddable":true,"href":"https:\/\/www.domax.pt\/web\/wp-json\/wp\/v2\/users\/2"}],"replies":[{"embeddable":true,"href":"https:\/\/www.domax.pt\/web\/wp-json\/wp\/v2\/comments?post=1144"}],"version-history":[{"count":2,"href":"https:\/\/www.domax.pt\/web\/wp-json\/wp\/v2\/pages\/1144\/revisions"}],"predecessor-version":[{"id":1312,"href":"https:\/\/www.domax.pt\/web\/wp-json\/wp\/v2\/pages\/1144\/revisions\/1312"}],"up":[{"embeddable":true,"href":"https:\/\/www.domax.pt\/web\/wp-json\/wp\/v2\/pages\/448"}],"wp:attachment":[{"href":"https:\/\/www.domax.pt\/web\/wp-json\/wp\/v2\/media?parent=1144"}],"curies":[{"name":"wp","href":"https:\/\/api.w.org\/{rel}","templated":true}]}}