{"id":1206,"date":"2025-05-20T15:56:02","date_gmt":"2025-05-20T15:56:02","guid":{"rendered":"https:\/\/www.domax.pt\/web\/?page_id=1206"},"modified":"2025-05-26T13:23:11","modified_gmt":"2025-05-26T13:23:11","slug":"cola-anaerobica-dl-2-70","status":"publish","type":"page","link":"https:\/\/www.domax.pt\/web\/produtos-2\/cola-anaerobica-dl-2-70\/","title":{"rendered":"Cola Anaer\u00f3bica DL 2.70"},"content":{"rendered":"\n<div class=\"wp-block-group alignfull has-ast-global-color-8-background-color has-background is-vertical is-content-justification-stretch is-nowrap is-layout-flex wp-container-core-group-is-layout-73b0033c wp-block-group-is-layout-flex\">\n<div class=\"wp-block-media-text is-stacked-on-mobile is-vertically-aligned-center header, footer, .wp-block-group, .wp-block-container { background-color: #000000 !important; } has-ast-global-color-8-background-color has-background\" style=\"grid-template-columns:28% auto\"><figure class=\"wp-block-media-text__media\"><img loading=\"lazy\" decoding=\"async\" width=\"768\" height=\"1024\" src=\"http:\/\/www.domax.pt\/web\/wp-content\/uploads\/2025\/04\/COLA-ANAEROBICA-DL-2.70-768x1024.png\" alt=\"cola-anaerobica-dl-2.70.alt\" class=\"wp-image-824 size-full\" srcset=\"https:\/\/www.domax.pt\/web\/wp-content\/uploads\/2025\/04\/COLA-ANAEROBICA-DL-2.70-768x1024.png 768w, https:\/\/www.domax.pt\/web\/wp-content\/uploads\/2025\/04\/COLA-ANAEROBICA-DL-2.70-225x300.png 225w, https:\/\/www.domax.pt\/web\/wp-content\/uploads\/2025\/04\/COLA-ANAEROBICA-DL-2.70.png 900w\" sizes=\"auto, (max-width: 768px) 100vw, 768px\" \/><\/figure><div class=\"wp-block-media-text__content\">\n<h2 class=\"wp-block-heading has-ast-global-color-2-color has-text-color has-link-color wp-elements-b22823f8e4f507f141b8bd3f657e6993\" style=\"padding-top:0;padding-bottom:0\">cola anaer\u00f3bica DL 2.70<\/h2>\n\n\n\n<p class=\"has-text-align-left has-ast-global-color-2-color has-text-color has-link-color wp-elements-df02cce09a18d14b58104e9181d484ba\" style=\"padding-top:0;padding-bottom:0\"><strong>REF: 140270 \u2022 Embalagem 50ml \u2022 Caixa de 12 unidades <\/strong><br><strong><br><\/strong>Esta cola anaer\u00f3bica, de um s\u00f3 componente, \u00e9 especialmente concebida para unir metal a metal. <br>Solidifica quando \u00e9 privada de oxig\u00e9nio e \u00e0 temperatura ambiente.<br>O produto permanece inativo enquanto estiver em contacto com o oxig\u00e9nio do ar atmosf\u00e9rico, vindo da\u00ed a necessidade da embalagem conter uma parte de ar. O efeito capilar do adesivo leva-o at\u00e9 ao espa\u00e7o mais \u00ednfimo, preenchendo a folga existente. Rolamentos, casquilhos, cavilhas, pernos e parafusos fixam-se permanentemente.<br>Para melhores resultados deve-se utilizar um produto desengordurante antes da aplica\u00e7\u00e3o.<\/p>\n\n\n\n<figure class=\"wp-block-image size-full is-resized has-custom-border is-style-default\" style=\"margin-top:0;margin-right:0;margin-bottom:0;margin-left:0\"><img loading=\"lazy\" decoding=\"async\" width=\"1375\" height=\"591\" src=\"https:\/\/www.domax.pt\/web\/wp-content\/uploads\/2025\/05\/tabela-DL-2.70.png\" alt=\"tabela-DL-2.70\" class=\"wp-image-1207\" style=\"border-style:none;border-width:0px;width:758px;height:auto\" srcset=\"https:\/\/www.domax.pt\/web\/wp-content\/uploads\/2025\/05\/tabela-DL-2.70.png 1375w, https:\/\/www.domax.pt\/web\/wp-content\/uploads\/2025\/05\/tabela-DL-2.70-300x129.png 300w, https:\/\/www.domax.pt\/web\/wp-content\/uploads\/2025\/05\/tabela-DL-2.70-1024x440.png 1024w, https:\/\/www.domax.pt\/web\/wp-content\/uploads\/2025\/05\/tabela-DL-2.70-768x330.png 768w\" sizes=\"auto, (max-width: 1375px) 100vw, 1375px\" \/><\/figure>\n\n\n\n<figure class=\"wp-block-image alignleft size-full is-resized is-style-default\" style=\"margin-top:var(--wp--preset--spacing--50);margin-right:0;margin-bottom:var(--wp--preset--spacing--50);margin-left:0\"><img loading=\"lazy\" decoding=\"async\" width=\"492\" height=\"301\" src=\"https:\/\/www.domax.pt\/web\/wp-content\/uploads\/2025\/05\/desenho-DL-2.42-e-DL-2.70.png\" alt=\"\" class=\"wp-image-1200\" style=\"width:106px;height:auto\" srcset=\"https:\/\/www.domax.pt\/web\/wp-content\/uploads\/2025\/05\/desenho-DL-2.42-e-DL-2.70.png 492w, https:\/\/www.domax.pt\/web\/wp-content\/uploads\/2025\/05\/desenho-DL-2.42-e-DL-2.70-300x184.png 300w\" sizes=\"auto, (max-width: 492px) 100vw, 492px\" \/><\/figure>\n\n\n\n<div class=\"wp-block-buttons alignfull has-custom-font-size has-small-font-size is-content-justification-left is-layout-flex wp-container-core-buttons-is-layout-6c430fcd wp-block-buttons-is-layout-flex\" style=\"margin-top:0;margin-bottom:0;padding-top:var(--wp--preset--spacing--60);padding-right:0;padding-bottom:var(--wp--preset--spacing--60);padding-left:0\">\n<div class=\"wp-block-button is-style-outline is-style-outline--1\"><a class=\"wp-block-button__link wp-element-button\" href=\"http:\/\/www.domax.pt\/web\/wp-content\/uploads\/2025\/05\/MSDS_140270_PT_PT_Domax-DL-2.70.pdf\" target=\"_blank\" rel=\"noreferrer noopener\">ficha de seguran\u00e7a<\/a><\/div>\n<\/div>\n<\/div><\/div>\n<\/div>\n\n\n\n<p><\/p>\n","protected":false},"excerpt":{"rendered":"<p>cola anaer\u00f3bica DL 2.70 REF: 140270 \u2022 Embalagem 50ml \u2022 Caixa de 12 unidades Esta cola anaer\u00f3bica, de um s\u00f3 [&hellip;]<\/p>\n","protected":false},"author":2,"featured_media":0,"parent":1028,"menu_order":0,"comment_status":"closed","ping_status":"closed","template":"","meta":{"_acf_changed":false,"_uag_custom_page_level_css":"","site-sidebar-layout":"default","site-content-layout":"","ast-site-content-layout":"","site-content-style":"default","site-sidebar-style":"default","ast-global-header-display":"","ast-banner-title-visibility":"","ast-main-header-display":"","ast-hfb-above-header-display":"","ast-hfb-below-header-display":"","ast-hfb-mobile-header-display":"","site-post-title":"disabled","ast-breadcrumbs-content":"","ast-featured-img":"","footer-sml-layout":"","theme-transparent-header-meta":"","adv-header-id-meta":"","stick-header-meta":"","header-above-stick-meta":"","header-main-stick-meta":"","header-below-stick-meta":"","astra-migrate-meta-layouts":"default","ast-page-background-enabled":"default","ast-page-background-meta":{"desktop":{"background-color":"var(--ast-global-color-4)","background-image":"","background-repeat":"repeat","background-position":"center center","background-size":"auto","background-attachment":"scroll","background-type":"","background-media":"","overlay-type":"","overlay-color":"","overlay-opacity":"","overlay-gradient":""},"tablet":{"background-color":"","background-image":"","background-repeat":"repeat","background-position":"center center","background-size":"auto","background-attachment":"scroll","background-type":"","background-media":"","overlay-type":"","overlay-color":"","overlay-opacity":"","overlay-gradient":""},"mobile":{"background-color":"","background-image":"","background-repeat":"repeat","background-position":"center center","background-size":"auto","background-attachment":"scroll","background-type":"","background-media":"","overlay-type":"","overlay-color":"","overlay-opacity":"","overlay-gradient":""}},"ast-content-background-meta":{"desktop":{"background-color":"var(--ast-global-color-5)","background-image":"","background-repeat":"repeat","background-position":"center center","background-size":"auto","background-attachment":"scroll","background-type":"","background-media":"","overlay-type":"","overlay-color":"","overlay-opacity":"","overlay-gradient":""},"tablet":{"background-color":"var(--ast-global-color-5)","background-image":"","background-repeat":"repeat","background-position":"center center","background-size":"auto","background-attachment":"scroll","background-type":"","background-media":"","overlay-type":"","overlay-color":"","overlay-opacity":"","overlay-gradient":""},"mobile":{"background-color":"var(--ast-global-color-5)","background-image":"","background-repeat":"repeat","background-position":"center center","background-size":"auto","background-attachment":"scroll","background-type":"","background-media":"","overlay-type":"","overlay-color":"","overlay-opacity":"","overlay-gradient":""}},"footnotes":""},"class_list":["post-1206","page","type-page","status-publish","hentry"],"acf":[],"uagb_featured_image_src":{"full":false,"thumbnail":false,"medium":false,"medium_large":false,"large":false,"1536x1536":false,"2048x2048":false},"uagb_author_info":{"display_name":"Laura Louren\u00e7o","author_link":"https:\/\/www.domax.pt\/web\/author\/laura\/"},"uagb_comment_info":0,"uagb_excerpt":"cola anaer\u00f3bica DL 2.70 REF: 140270 \u2022 Embalagem 50ml \u2022 Caixa de 12 unidades Esta cola anaer\u00f3bica, de um s\u00f3 [&hellip;]","_links":{"self":[{"href":"https:\/\/www.domax.pt\/web\/wp-json\/wp\/v2\/pages\/1206","targetHints":{"allow":["GET"]}}],"collection":[{"href":"https:\/\/www.domax.pt\/web\/wp-json\/wp\/v2\/pages"}],"about":[{"href":"https:\/\/www.domax.pt\/web\/wp-json\/wp\/v2\/types\/page"}],"author":[{"embeddable":true,"href":"https:\/\/www.domax.pt\/web\/wp-json\/wp\/v2\/users\/2"}],"replies":[{"embeddable":true,"href":"https:\/\/www.domax.pt\/web\/wp-json\/wp\/v2\/comments?post=1206"}],"version-history":[{"count":3,"href":"https:\/\/www.domax.pt\/web\/wp-json\/wp\/v2\/pages\/1206\/revisions"}],"predecessor-version":[{"id":1316,"href":"https:\/\/www.domax.pt\/web\/wp-json\/wp\/v2\/pages\/1206\/revisions\/1316"}],"up":[{"embeddable":true,"href":"https:\/\/www.domax.pt\/web\/wp-json\/wp\/v2\/pages\/1028"}],"wp:attachment":[{"href":"https:\/\/www.domax.pt\/web\/wp-json\/wp\/v2\/media?parent=1206"}],"curies":[{"name":"wp","href":"https:\/\/api.w.org\/{rel}","templated":true}]}}